{"id":79703,"date":"2025-03-21T09:15:47","date_gmt":"2025-03-21T08:15:47","guid":{"rendered":"https:\/\/dev.switplus.com\/invio-di-testimonianze\/"},"modified":"2025-10-16T12:59:10","modified_gmt":"2025-10-16T10:59:10","slug":"invio-di-testimonianze","status":"publish","type":"page","link":"https:\/\/dev.switplus.com\/it\/invio-di-testimonianze\/","title":{"rendered":"Invio di testimonianze"},"content":{"rendered":"\t\t<div data-elementor-type=\"wp-page\" data-elementor-id=\"79703\" class=\"elementor elementor-79703 elementor-68223\" data-elementor-post-type=\"page\">\n\t\t\t\t<div class=\"elementor-element elementor-element-408776b e-flex e-con-boxed e-con e-parent\" data-id=\"408776b\" data-element_type=\"container\" data-e-type=\"container\">\n\t\t\t\t\t<div class=\"e-con-inner\">\n\t\t\t\t<div class=\"elementor-element elementor-element-437a293 elementor-widget elementor-widget-heading\" data-id=\"437a293\" data-element_type=\"widget\" data-e-type=\"widget\" data-widget_type=\"heading.default\">\n\t\t\t\t<div class=\"elementor-widget-container\">\n\t\t\t\t\t<h1 class=\"elementor-heading-title elementor-size-default\">Invia la tua testimonianza<\/h1>\t\t\t\t<\/div>\n\t\t\t\t<\/div>\n\t\t\t\t\t<\/div>\n\t\t\t\t<\/div>\n\t\t<div class=\"elementor-element elementor-element-380b90a e-flex e-con-boxed e-con e-parent\" data-id=\"380b90a\" data-element_type=\"container\" data-e-type=\"container\">\n\t\t\t\t\t<div class=\"e-con-inner\">\n\t\t\t\t<div class=\"elementor-element elementor-element-c95318b elementor-widget elementor-widget-hubspot-form\" data-id=\"c95318b\" data-element_type=\"widget\" data-e-type=\"widget\" data-widget_type=\"hubspot-form.default\">\n\t\t\t\t<div class=\"elementor-widget-container\">\n\t\t\t\t\t\n\t\t\t\t\t\t<script>\n\t\t\t\t\t\t\twindow.hsFormsOnReady = window.hsFormsOnReady || [];\n\t\t\t\t\t\t\twindow.hsFormsOnReady.push(()=>{\n\t\t\t\t\t\t\t\thbspt.forms.create({\n\t\t\t\t\t\t\t\t\tportalId: 145017434,\n\t\t\t\t\t\t\t\t\tformId: \"fcb825bb-5029-4a65-a99d-32183785b245\",\n\t\t\t\t\t\t\t\t\ttarget: \"#hbspt-form-1775995541000-4800562437\",\n\t\t\t\t\t\t\t\t\tregion: \"eu1\",\n\t\t\t\t\t\t\t\t\t\n\t\t\t\t\t\t\t})});\n\t\t\t\t\t\t<\/script>\n\t\t\t\t\t\t<div class=\"hbspt-form\" id=\"hbspt-form-1775995541000-4800562437\"><\/div>\t\t\t\t<\/div>\n\t\t\t\t<\/div>\n\t\t\t\t\t<\/div>\n\t\t\t\t<\/div>\n\t\t<div class=\"elementor-element elementor-element-5921f9b e-flex e-con-boxed e-con e-parent\" data-id=\"5921f9b\" data-element_type=\"container\" data-e-type=\"container\">\n\t\t\t\t\t<div class=\"e-con-inner\">\n\t\t\t\t<div class=\"elementor-element elementor-element-4e44f5e elementor-widget elementor-widget-heading\" data-id=\"4e44f5e\" data-element_type=\"widget\" data-e-type=\"widget\" data-widget_type=\"heading.default\">\n\t\t\t\t<div class=\"elementor-widget-container\">\n\t\t\t\t\t<h2 class=\"elementor-heading-title elementor-size-default\">Condividi la tua esperienza SWIT\u00ae Neurobalance<\/h2>\t\t\t\t<\/div>\n\t\t\t\t<\/div>\n\t\t\t\t<div class=\"elementor-element elementor-element-4693874 elementor-widget elementor-widget-text-editor\" data-id=\"4693874\" data-element_type=\"widget\" data-e-type=\"widget\" data-widget_type=\"text-editor.default\">\n\t\t\t\t<div class=\"elementor-widget-container\">\n\t\t\t\t\t\t\t\t\t<p>Ci piace molto ricevere feedback dalla nostra community SWIT\u00ae Neurobalance! Hai gi\u00e0 utilizzato i prodotti SWIT\u00ae per te, il tuo cavallo o il tuo cane? Condividi la tua esperienza con noi e aiuta gli altri a scoprire i benefici del supporto frequenziale delicato.  <\/p><p>La tua storia personale \u00e8 importante. Che tu abbia riscontrato un rilassamento migliore, un recupero pi\u00f9 rapido dopo l&#8217;addestramento o una routine quotidiana pi\u00f9 tranquilla, il tuo feedback pu\u00f2 ispirare gli altri e fornire spunti utili per proprietari di animali domestici, addestratori o terapisti. <\/p><p>Inviando la tua esperienza, non solo aiuterai i futuri clienti, ma rafforzerai anche la crescente community SWIT\u00ae. I feedback reali mostrano come SWIT\u00ae Neurobalance supporti il \u200b\u200bbenessere, l&#8217;equilibrio e le prestazioni nella vita di tutti i giorni. <\/p><p>Condividere la tua storia \u00e8 semplice: compila il modulo sottostante con il tuo feedback e, se lo ritieni opportuno, delle foto. Il nostro team potrebbe pubblicare la tua testimonianza sul nostro sito web, sui social media o sulla nostra newsletter (con la tua autorizzazione). <\/p><p>Grazie per aver preso parte al percorso SWIT\u00ae. Insieme, possiamo sensibilizzare l&#8217;opinione pubblica su come la moderna tecnologia Neurobalance favorisca il benessere naturale di esseri umani, cavalli e cani. <\/p><p>Inviaci subito la tua esperienza e diventa parte delle storie di successo SWIT\u00ae!<\/p>\t\t\t\t\t\t\t\t<\/div>\n\t\t\t\t<\/div>\n\t\t\t\t\t<\/div>\n\t\t\t\t<\/div>\n\t\t\t\t<\/div>\n\t\t","protected":false},"excerpt":{"rendered":"<p>Invia la tua testimonianza Condividi la tua esperienza SWIT+ Neurobalance Ci piace molto ricevere feedback dalla nostra community SWIT+ Neurobalance! Hai gi\u00e0 utilizzato i prodotti SWIT+ per te, il tuo cavallo o il tuo cane? Condividi la tua esperienza con noi e aiuta gli altri a scoprire i benefici del supporto frequenziale delicato. La tua [&hellip;]<\/p>\n","protected":false},"author":12480,"featured_media":0,"parent":0,"menu_order":0,"comment_status":"closed","ping_status":"closed","template":"","meta":{"_acf_changed":false,"content-type":"","inline_featured_image":false,"footnotes":""},"class_list":["post-79703","page","type-page","status-publish","hentry"],"acf":[],"yoast_head":"<!-- This site is optimized with the Yoast SEO Premium plugin v26.8 (Yoast SEO v27.3) - https:\/\/yoast.com\/product\/yoast-seo-premium-wordpress\/ -->\n<title>Invia la tua testimonianza per ispirare la comunit\u00e0<\/title>\n<meta name=\"description\" content=\"Invia la tua testimonianza e condividi la tua esperienza con i prodotti SWIT+. Il tuo feedback pu\u00f2 ispirare e informare gli altri..\" \/>\n<meta name=\"robots\" content=\"noindex, follow, max-snippet:-1, max-image-preview:large, max-video-preview:-1\" \/>\n<meta property=\"og:locale\" content=\"it_IT\" \/>\n<meta property=\"og:type\" content=\"article\" \/>\n<meta property=\"og:title\" content=\"Invio di testimonianze\" \/>\n<meta property=\"og:description\" content=\"Invia la tua testimonianza e condividi la tua esperienza con i prodotti SWIT+. Il tuo feedback pu\u00f2 ispirare e informare gli altri..\" \/>\n<meta property=\"og:url\" content=\"https:\/\/dev.switplus.com\/it\/invio-di-testimonianze\/\" \/>\n<meta property=\"og:site_name\" content=\"Dev Site\" \/>\n<meta property=\"article:publisher\" content=\"https:\/\/www.facebook.com\/switneurobalance\/\" \/>\n<meta property=\"article:modified_time\" content=\"2025-10-16T10:59:10+00:00\" \/>\n<meta property=\"og:image\" content=\"https:\/\/dev.switplus.com\/wp-content\/uploads\/sites\/17\/2025\/06\/yoast.webp\" \/>\n\t<meta property=\"og:image:width\" content=\"1200\" \/>\n\t<meta property=\"og:image:height\" content=\"675\" \/>\n\t<meta property=\"og:image:type\" content=\"image\/webp\" \/>\n<meta name=\"twitter:card\" content=\"summary_large_image\" \/>\n<meta name=\"twitter:label1\" content=\"Tempo di lettura stimato\" \/>\n\t<meta name=\"twitter:data1\" content=\"1 minuto\" \/>\n<script type=\"application\/ld+json\" class=\"yoast-schema-graph\">{\"@context\":\"https:\\\/\\\/schema.org\",\"@graph\":[{\"@type\":\"WebPage\",\"@id\":\"https:\\\/\\\/dev.switplus.com\\\/it\\\/invio-di-testimonianze\\\/\",\"url\":\"https:\\\/\\\/dev.switplus.com\\\/it\\\/invio-di-testimonianze\\\/\",\"name\":\"Invia la tua testimonianza per ispirare la comunit\u00e0\",\"isPartOf\":{\"@id\":\"https:\\\/\\\/dev.switplus.com\\\/it\\\/#website\"},\"datePublished\":\"2025-03-21T08:15:47+00:00\",\"dateModified\":\"2025-10-16T10:59:10+00:00\",\"description\":\"Invia la tua testimonianza e condividi la tua esperienza con i prodotti SWIT+. Il tuo feedback pu\u00f2 ispirare e informare gli altri..\",\"breadcrumb\":{\"@id\":\"https:\\\/\\\/dev.switplus.com\\\/it\\\/invio-di-testimonianze\\\/#breadcrumb\"},\"inLanguage\":\"it-IT\",\"potentialAction\":[{\"@type\":\"ReadAction\",\"target\":[\"https:\\\/\\\/dev.switplus.com\\\/it\\\/invio-di-testimonianze\\\/\"]}]},{\"@type\":\"BreadcrumbList\",\"@id\":\"https:\\\/\\\/dev.switplus.com\\\/it\\\/invio-di-testimonianze\\\/#breadcrumb\",\"itemListElement\":[{\"@type\":\"ListItem\",\"position\":1,\"name\":\"Home\",\"item\":\"https:\\\/\\\/dev.switplus.com\\\/it\\\/\"},{\"@type\":\"ListItem\",\"position\":2,\"name\":\"Invio di testimonianze\"}]},{\"@type\":\"WebSite\",\"@id\":\"https:\\\/\\\/dev.switplus.com\\\/it\\\/#website\",\"url\":\"https:\\\/\\\/dev.switplus.com\\\/it\\\/\",\"name\":\"SWIT+ Neurobalance\",\"description\":\"Nat\u00fcrliche Frequenztechnologie zur Unterst\u00fctzung von Entspannung, Regeneration und Wohlbefinden bei Pferden, Hunden und Menschen.\",\"publisher\":{\"@id\":\"https:\\\/\\\/dev.switplus.com\\\/it\\\/#organization\"},\"alternateName\":\"SWIT+ Neurobalance \u2013 Frequenztechnologie f\u00fcr Pferde, Hunde & Menschen\",\"potentialAction\":[{\"@type\":\"SearchAction\",\"target\":{\"@type\":\"EntryPoint\",\"urlTemplate\":\"https:\\\/\\\/dev.switplus.com\\\/it\\\/?s={search_term_string}\"},\"query-input\":{\"@type\":\"PropertyValueSpecification\",\"valueRequired\":true,\"valueName\":\"search_term_string\"}}],\"inLanguage\":\"it-IT\"},{\"@type\":\"Organization\",\"@id\":\"https:\\\/\\\/dev.switplus.com\\\/it\\\/#organization\",\"name\":\"Switplus EU\",\"url\":\"https:\\\/\\\/dev.switplus.com\\\/it\\\/\",\"logo\":{\"@type\":\"ImageObject\",\"inLanguage\":\"it-IT\",\"@id\":\"https:\\\/\\\/dev.switplus.com\\\/it\\\/#\\\/schema\\\/logo\\\/image\\\/\",\"url\":\"https:\\\/\\\/dev.switplus.com\\\/wp-content\\\/uploads\\\/sites\\\/17\\\/2025\\\/07\\\/swit-neurobalance-logo.webp\",\"contentUrl\":\"https:\\\/\\\/dev.switplus.com\\\/wp-content\\\/uploads\\\/sites\\\/17\\\/2025\\\/07\\\/swit-neurobalance-logo.webp\",\"width\":1200,\"height\":1200,\"caption\":\"Switplus EU\"},\"image\":{\"@id\":\"https:\\\/\\\/dev.switplus.com\\\/it\\\/#\\\/schema\\\/logo\\\/image\\\/\"},\"sameAs\":[\"https:\\\/\\\/www.facebook.com\\\/switneurobalance\\\/\",\"https:\\\/\\\/www.instagram.com\\\/swit_neurobalance\\\/\",\"https:\\\/\\\/www.youtube.com\\\/channel\\\/UCWE_xPyYte02yo9aG-KnM1g\"]}]}<\/script>\n<!-- \/ Yoast SEO Premium plugin. -->","yoast_head_json":{"title":"Invia la tua testimonianza per ispirare la comunit\u00e0","description":"Invia la tua testimonianza e condividi la tua esperienza con i prodotti SWIT+. Il tuo feedback pu\u00f2 ispirare e informare gli altri..","robots":{"index":"noindex","follow":"follow","max-snippet":"max-snippet:-1","max-image-preview":"max-image-preview:large","max-video-preview":"max-video-preview:-1"},"og_locale":"it_IT","og_type":"article","og_title":"Invio di testimonianze","og_description":"Invia la tua testimonianza e condividi la tua esperienza con i prodotti SWIT+. Il tuo feedback pu\u00f2 ispirare e informare gli altri..","og_url":"https:\/\/dev.switplus.com\/it\/invio-di-testimonianze\/","og_site_name":"Dev Site","article_publisher":"https:\/\/www.facebook.com\/switneurobalance\/","article_modified_time":"2025-10-16T10:59:10+00:00","og_image":[{"width":1200,"height":675,"url":"https:\/\/dev.switplus.com\/wp-content\/uploads\/sites\/17\/2025\/06\/yoast.webp","type":"image\/webp"}],"twitter_card":"summary_large_image","twitter_misc":{"Tempo di lettura stimato":"1 minuto"},"schema":{"@context":"https:\/\/schema.org","@graph":[{"@type":"WebPage","@id":"https:\/\/dev.switplus.com\/it\/invio-di-testimonianze\/","url":"https:\/\/dev.switplus.com\/it\/invio-di-testimonianze\/","name":"Invia la tua testimonianza per ispirare la comunit\u00e0","isPartOf":{"@id":"https:\/\/dev.switplus.com\/it\/#website"},"datePublished":"2025-03-21T08:15:47+00:00","dateModified":"2025-10-16T10:59:10+00:00","description":"Invia la tua testimonianza e condividi la tua esperienza con i prodotti SWIT+. Il tuo feedback pu\u00f2 ispirare e informare gli altri..","breadcrumb":{"@id":"https:\/\/dev.switplus.com\/it\/invio-di-testimonianze\/#breadcrumb"},"inLanguage":"it-IT","potentialAction":[{"@type":"ReadAction","target":["https:\/\/dev.switplus.com\/it\/invio-di-testimonianze\/"]}]},{"@type":"BreadcrumbList","@id":"https:\/\/dev.switplus.com\/it\/invio-di-testimonianze\/#breadcrumb","itemListElement":[{"@type":"ListItem","position":1,"name":"Home","item":"https:\/\/dev.switplus.com\/it\/"},{"@type":"ListItem","position":2,"name":"Invio di testimonianze"}]},{"@type":"WebSite","@id":"https:\/\/dev.switplus.com\/it\/#website","url":"https:\/\/dev.switplus.com\/it\/","name":"SWIT+ Neurobalance","description":"Nat\u00fcrliche Frequenztechnologie zur Unterst\u00fctzung von Entspannung, Regeneration und Wohlbefinden bei Pferden, Hunden und Menschen.","publisher":{"@id":"https:\/\/dev.switplus.com\/it\/#organization"},"alternateName":"SWIT+ Neurobalance \u2013 Frequenztechnologie f\u00fcr Pferde, Hunde & Menschen","potentialAction":[{"@type":"SearchAction","target":{"@type":"EntryPoint","urlTemplate":"https:\/\/dev.switplus.com\/it\/?s={search_term_string}"},"query-input":{"@type":"PropertyValueSpecification","valueRequired":true,"valueName":"search_term_string"}}],"inLanguage":"it-IT"},{"@type":"Organization","@id":"https:\/\/dev.switplus.com\/it\/#organization","name":"Switplus EU","url":"https:\/\/dev.switplus.com\/it\/","logo":{"@type":"ImageObject","inLanguage":"it-IT","@id":"https:\/\/dev.switplus.com\/it\/#\/schema\/logo\/image\/","url":"https:\/\/dev.switplus.com\/wp-content\/uploads\/sites\/17\/2025\/07\/swit-neurobalance-logo.webp","contentUrl":"https:\/\/dev.switplus.com\/wp-content\/uploads\/sites\/17\/2025\/07\/swit-neurobalance-logo.webp","width":1200,"height":1200,"caption":"Switplus EU"},"image":{"@id":"https:\/\/dev.switplus.com\/it\/#\/schema\/logo\/image\/"},"sameAs":["https:\/\/www.facebook.com\/switneurobalance\/","https:\/\/www.instagram.com\/swit_neurobalance\/","https:\/\/www.youtube.com\/channel\/UCWE_xPyYte02yo9aG-KnM1g"]}]}},"_links":{"self":[{"href":"https:\/\/dev.switplus.com\/it\/wp-json\/wp\/v2\/pages\/79703","targetHints":{"allow":["GET"]}}],"collection":[{"href":"https:\/\/dev.switplus.com\/it\/wp-json\/wp\/v2\/pages"}],"about":[{"href":"https:\/\/dev.switplus.com\/it\/wp-json\/wp\/v2\/types\/page"}],"author":[{"embeddable":true,"href":"https:\/\/dev.switplus.com\/it\/wp-json\/wp\/v2\/users\/12480"}],"replies":[{"embeddable":true,"href":"https:\/\/dev.switplus.com\/it\/wp-json\/wp\/v2\/comments?post=79703"}],"version-history":[{"count":1,"href":"https:\/\/dev.switplus.com\/it\/wp-json\/wp\/v2\/pages\/79703\/revisions"}],"predecessor-version":[{"id":79704,"href":"https:\/\/dev.switplus.com\/it\/wp-json\/wp\/v2\/pages\/79703\/revisions\/79704"}],"wp:attachment":[{"href":"https:\/\/dev.switplus.com\/it\/wp-json\/wp\/v2\/media?parent=79703"}],"curies":[{"name":"wp","href":"https:\/\/api.w.org\/{rel}","templated":true}]}}