{"id":79711,"date":"2025-05-06T14:09:31","date_gmt":"2025-05-06T12:09:31","guid":{"rendered":"https:\/\/dev.switplus.com\/politica-di-recesso\/"},"modified":"2025-10-17T09:38:45","modified_gmt":"2025-10-17T07:38:45","slug":"politica-di-recesso","status":"publish","type":"page","link":"https:\/\/dev.switplus.com\/it\/politica-di-recesso\/","title":{"rendered":"Politica di Recesso"},"content":{"rendered":"\t\t<div data-elementor-type=\"wp-page\" data-elementor-id=\"79711\" class=\"elementor elementor-79711 elementor-69761\" data-elementor-post-type=\"page\">\n\t\t\t\t<div class=\"elementor-element elementor-element-fd0e2e5 e-flex e-con-boxed e-con e-parent\" data-id=\"fd0e2e5\" data-element_type=\"container\" data-e-type=\"container\">\n\t\t\t\t\t<div class=\"e-con-inner\">\n\t\t\t\t<div class=\"elementor-element elementor-element-34f2a27 elementor-widget elementor-widget-html\" data-id=\"34f2a27\" data-element_type=\"widget\" data-e-type=\"widget\" data-widget_type=\"html.default\">\n\t\t\t\t<div class=\"elementor-widget-container\">\n\t\t\t\t\t<div><h2>A. Diritto di Recesso<\/h2>\n\n<h3>Introduzione<\/h3>\n\n<p>I consumatori hanno diritto di recedere dal contratto secondo le seguenti disposizioni.<br>Un consumatore \u00e8 qualsiasi persona fisica che conclude un negozio giuridico per scopi che non rientrano prevalentemente n\u00e9 nella sua attivit\u00e0 commerciale n\u00e9 professionale autonoma.<\/p>\n\n<h3>Diritto di Recesso<\/h3>\n\n<p>Hai il diritto di recedere dal presente contratto entro quattordici (14) giorni senza dover fornire alcuna motivazione.<\/p>\n\n<p>Il periodo di recesso scade dopo quattordici giorni dal giorno in cui tu o un terzo, diverso dal vettore e da te designato, avete acquisito il possesso dell\u2019ultimo bene.<\/p>\n\n<p>Per esercitare il diritto di recesso, devi informarci della tua decisione di recedere dal contratto mediante una dichiarazione esplicita (ad esempio lettera inviata per posta o e-mail) ai seguenti recapiti: (Swit UG (haftungsbeschr\u00e4nkt), Kufsteiner Stra\u00dfe 69, 83026 Rosenheim, Germania, Email: <a href=\"mailto:info@switplus.com\" class=\"__cf_email__\" data-cfemail=\"5831363e37182b2f312c28342d2b763b3735\">info@switplus.com<\/a>) <br>Puoi utilizzare il modulo tipo di recesso allegato, ma non \u00e8 obbligatorio. <\/p>\n\n<p>Per rispettare il termine di recesso \u00e8 sufficiente che la comunicazione relativa all\u2019esercizio del diritto di recesso sia inviata prima della scadenza del periodo stesso.<\/p>\n\n<h3>Conseguenze del Recesso<\/h3>\n\n<p>Se recedi dal presente contratto, ti rimborseremo tutti i pagamenti che abbiamo ricevuto da te, comprese le spese di consegna (ad eccezione dei costi supplementari derivanti dalla scelta di un tipo di consegna diverso dal tipo meno costoso di consegna standard da noi offerto), senza indebito ritardo e in ogni caso entro quattordici giorni dal giorno in cui siamo informati della tua decisione di recedere dal contratto.<br>Il rimborso sar\u00e0 effettuato utilizzando lo stesso mezzo di pagamento da te usato per la transazione iniziale, salvo diverso accordo espresso; in nessun caso ti saranno addebitate spese per tale rimborso.<br>Potremmo trattenere il rimborso fino a quando non avremo ricevuto i beni oppure fino a quando tu non avrai fornito prova di averli rispediti, a seconda di quale situazione si verifichi per prima.  <\/p>\n\n<p>Devi rispedire o consegnare i beni senza indebiti ritardi e comunque entro quattordici giorni dal giorno in cui ci hai comunicato la tua decisione di recedere dal contratto. Il termine \u00e8 rispettato se spedisci i beni prima della scadenza del periodo di quattordici giorni. <\/p>\n\n<p>Le spese dirette di restituzione dei beni sono a tuo carico.<\/p>\n\n<p>Sei responsabile solo della diminuzione del valore dei beni risultante da una manipolazione diversa da quella necessaria per stabilirne la natura, le caratteristiche e il funzionamento.<\/p>\n\n<h3>Esclusione o Estinzione Anticipata del Diritto di Recesso<\/h3>\n\n<p>Il diritto di recesso non si applica ai contratti per la fornitura di beni non prefabbricati, realizzati secondo una scelta o decisione individuale del consumatore o chiaramente personalizzati in base alle sue esigenze.<\/p>\n\n<p>Il diritto di recesso non si applica inoltre ai consumatori che, al momento della conclusione del contratto, non appartengono a uno Stato membro dell\u2019Unione Europea e la cui residenza e indirizzo di consegna si trovano esclusivamente al di fuori dell\u2019Unione Europea.<\/p>\n\n<h3>Operazioni Collegate o Finanziate<\/h3>\n\n<p>Se finanzi il presente contratto tramite un prestito e successivamente eserciti il diritto di recesso, non sei pi\u00f9 vincolato al contratto di prestito, a condizione che entrambi i contratti costituiscano un\u2019unit\u00e0 economica.<br>Ci\u00f2 avviene in particolare quando siamo noi anche il tuo finanziatore o quando il finanziatore si avvale della nostra collaborazione in merito al finanziamento.<br>Se il prestito ti \u00e8 gi\u00e0 stato erogato al momento dell\u2019efficacia del recesso o della restituzione della merce, il tuo finanziatore subentra nei nostri diritti e obblighi nei tuoi confronti riguardo alle conseguenze giuridiche del recesso o della restituzione.<br>Questo non si applica se il contratto riguarda l\u2019acquisto di strumenti finanziari (ad esempio titoli, valute estere o derivati).<br>Se desideri evitare il pi\u00f9 possibile un obbligo contrattuale, esercita il tuo diritto di recesso e recedi anche dal contratto di prestito, se ti spetta il diritto di recesso anche per quest\u2019ultimo.    <\/p>\n\n<h2>B. Modulo di Recesso<\/h2>\n\n<p>Se desideri recedere dal contratto, compila il seguente modulo e invialo.<\/p>\n\n<p>A:<\/p>\n\n<p>Swit UG (haftungsbeschr\u00e4nkt)<br>Kufsteiner Stra\u00dfe 69<br>83026 Rosenheim<br>Germania<\/p>\n\n<p>Email: <a href=\"mailto:info@switplus.com\" class=\"__cf_email__\" data-cfemail=\"cba2a5ada48bb8bca2bfbba7beb8e5a8a4a6\">info@switplus.com<\/a><\/p>\n\n<p>Con la presente io\/noi (*) comunico\/comunichiamo di recedere dal contratto da me\/noi () concluso per l\u2019acquisto dei seguenti beni () \/ la prestazione del seguente servizio (*):<\/p>\n\n<p>_______________________________________________________<\/p>\n\n<p>_______________________________________________________<\/p>\n\n<p>Ordinato il (*) ____________ \/ ricevuto il (*) __________________<\/p>\n\n<p>________________________________________________________<br>Nome del\/dei consumatore\/i<\/p>\n\n<p>________________________________________________________<br>Indirizzo del\/dei consumatore\/i<\/p>\n\n<p>________________________________________________________<br>Firma del\/dei consumatore\/i (solo in caso di comunicazione su supporto cartaceo)<\/p>\n\n<p>_________________________<br>Data<\/p>\n\n<p>(*) Cancellare la voce non pertinente<\/p><\/div>\n\t\t\t\t<\/div>\n\t\t\t\t<\/div>\n\t\t\t\t\t<\/div>\n\t\t\t\t<\/div>\n\t\t\t\t<\/div>\n\t\t","protected":false},"excerpt":{"rendered":"<p>A. Diritto di Recesso Introduzione I consumatori hanno diritto di recedere dal contratto secondo le seguenti disposizioni.Un consumatore \u00e8 qualsiasi persona fisica che conclude un negozio giuridico per scopi che non rientrano prevalentemente n\u00e9 nella sua attivit\u00e0 commerciale n\u00e9 professionale autonoma. Diritto di Recesso Hai il diritto di recedere dal presente contratto entro quattordici (14) [&hellip;]<\/p>\n","protected":false},"author":1,"featured_media":0,"parent":0,"menu_order":0,"comment_status":"closed","ping_status":"closed","template":"","meta":{"_acf_changed":false,"content-type":"","inline_featured_image":false,"footnotes":""},"class_list":["post-79711","page","type-page","status-publish","hentry"],"acf":[],"yoast_head":"<!-- This site is optimized with the Yoast SEO Premium plugin v26.8 (Yoast SEO v27.3) - https:\/\/yoast.com\/product\/yoast-seo-premium-wordpress\/ -->\n<title>Politica di Recesso SWIT+<\/title>\n<meta name=\"description\" content=\"Scopri la politica di recesso SWIT+ e il tuo diritto di recesso entro quattordici giorni senza dover fornire alcuna motivazione.\" \/>\n<meta name=\"robots\" content=\"noindex, follow\" \/>\n<meta property=\"og:locale\" content=\"it_IT\" \/>\n<meta property=\"og:type\" content=\"article\" \/>\n<meta property=\"og:title\" content=\"Politica di Recesso\" \/>\n<meta property=\"og:description\" content=\"Scopri la politica di recesso SWIT+ e il tuo diritto di recesso entro quattordici giorni senza dover fornire alcuna motivazione.\" \/>\n<meta property=\"og:url\" content=\"https:\/\/dev.switplus.com\/it\/politica-di-recesso\/\" \/>\n<meta property=\"og:site_name\" content=\"Dev Site\" \/>\n<meta property=\"article:publisher\" content=\"https:\/\/www.facebook.com\/switneurobalance\/\" \/>\n<meta property=\"article:modified_time\" content=\"2025-10-17T07:38:45+00:00\" \/>\n<meta property=\"og:image\" content=\"https:\/\/dev.switplus.com\/wp-content\/uploads\/sites\/17\/2025\/06\/yoast.webp\" \/>\n\t<meta property=\"og:image:width\" content=\"1200\" \/>\n\t<meta property=\"og:image:height\" content=\"675\" \/>\n\t<meta property=\"og:image:type\" content=\"image\/webp\" \/>\n<meta name=\"twitter:card\" content=\"summary_large_image\" \/>\n<meta name=\"twitter:label1\" content=\"Tempo di lettura stimato\" \/>\n\t<meta name=\"twitter:data1\" content=\"4 minuti\" \/>\n<script type=\"application\/ld+json\" class=\"yoast-schema-graph\">{\"@context\":\"https:\\\/\\\/schema.org\",\"@graph\":[{\"@type\":\"WebPage\",\"@id\":\"https:\\\/\\\/dev.switplus.com\\\/it\\\/politica-di-recesso\\\/\",\"url\":\"https:\\\/\\\/dev.switplus.com\\\/it\\\/politica-di-recesso\\\/\",\"name\":\"Politica di Recesso SWIT+\",\"isPartOf\":{\"@id\":\"https:\\\/\\\/dev.switplus.com\\\/it\\\/#website\"},\"datePublished\":\"2025-05-06T12:09:31+00:00\",\"dateModified\":\"2025-10-17T07:38:45+00:00\",\"description\":\"Scopri la politica di recesso SWIT+ e il tuo diritto di recesso entro quattordici giorni senza dover fornire alcuna motivazione.\",\"breadcrumb\":{\"@id\":\"https:\\\/\\\/dev.switplus.com\\\/it\\\/politica-di-recesso\\\/#breadcrumb\"},\"inLanguage\":\"it-IT\",\"potentialAction\":[{\"@type\":\"ReadAction\",\"target\":[\"https:\\\/\\\/dev.switplus.com\\\/it\\\/politica-di-recesso\\\/\"]}]},{\"@type\":\"BreadcrumbList\",\"@id\":\"https:\\\/\\\/dev.switplus.com\\\/it\\\/politica-di-recesso\\\/#breadcrumb\",\"itemListElement\":[{\"@type\":\"ListItem\",\"position\":1,\"name\":\"Home\",\"item\":\"https:\\\/\\\/dev.switplus.com\\\/it\\\/\"},{\"@type\":\"ListItem\",\"position\":2,\"name\":\"Politica di Recesso\"}]},{\"@type\":\"WebSite\",\"@id\":\"https:\\\/\\\/dev.switplus.com\\\/it\\\/#website\",\"url\":\"https:\\\/\\\/dev.switplus.com\\\/it\\\/\",\"name\":\"SWIT+ Neurobalance\",\"description\":\"Nat\u00fcrliche Frequenztechnologie zur Unterst\u00fctzung von Entspannung, Regeneration und Wohlbefinden bei Pferden, Hunden und Menschen.\",\"publisher\":{\"@id\":\"https:\\\/\\\/dev.switplus.com\\\/it\\\/#organization\"},\"alternateName\":\"SWIT+ Neurobalance \u2013 Frequenztechnologie f\u00fcr Pferde, Hunde & Menschen\",\"potentialAction\":[{\"@type\":\"SearchAction\",\"target\":{\"@type\":\"EntryPoint\",\"urlTemplate\":\"https:\\\/\\\/dev.switplus.com\\\/it\\\/?s={search_term_string}\"},\"query-input\":{\"@type\":\"PropertyValueSpecification\",\"valueRequired\":true,\"valueName\":\"search_term_string\"}}],\"inLanguage\":\"it-IT\"},{\"@type\":\"Organization\",\"@id\":\"https:\\\/\\\/dev.switplus.com\\\/it\\\/#organization\",\"name\":\"Switplus EU\",\"url\":\"https:\\\/\\\/dev.switplus.com\\\/it\\\/\",\"logo\":{\"@type\":\"ImageObject\",\"inLanguage\":\"it-IT\",\"@id\":\"https:\\\/\\\/dev.switplus.com\\\/it\\\/#\\\/schema\\\/logo\\\/image\\\/\",\"url\":\"https:\\\/\\\/dev.switplus.com\\\/wp-content\\\/uploads\\\/sites\\\/17\\\/2025\\\/07\\\/swit-neurobalance-logo.webp\",\"contentUrl\":\"https:\\\/\\\/dev.switplus.com\\\/wp-content\\\/uploads\\\/sites\\\/17\\\/2025\\\/07\\\/swit-neurobalance-logo.webp\",\"width\":1200,\"height\":1200,\"caption\":\"Switplus EU\"},\"image\":{\"@id\":\"https:\\\/\\\/dev.switplus.com\\\/it\\\/#\\\/schema\\\/logo\\\/image\\\/\"},\"sameAs\":[\"https:\\\/\\\/www.facebook.com\\\/switneurobalance\\\/\",\"https:\\\/\\\/www.instagram.com\\\/swit_neurobalance\\\/\",\"https:\\\/\\\/www.youtube.com\\\/channel\\\/UCWE_xPyYte02yo9aG-KnM1g\"]}]}<\/script>\n<!-- \/ Yoast SEO Premium plugin. -->","yoast_head_json":{"title":"Politica di Recesso SWIT+","description":"Scopri la politica di recesso SWIT+ e il tuo diritto di recesso entro quattordici giorni senza dover fornire alcuna motivazione.","robots":{"index":"noindex","follow":"follow"},"og_locale":"it_IT","og_type":"article","og_title":"Politica di Recesso","og_description":"Scopri la politica di recesso SWIT+ e il tuo diritto di recesso entro quattordici giorni senza dover fornire alcuna motivazione.","og_url":"https:\/\/dev.switplus.com\/it\/politica-di-recesso\/","og_site_name":"Dev Site","article_publisher":"https:\/\/www.facebook.com\/switneurobalance\/","article_modified_time":"2025-10-17T07:38:45+00:00","og_image":[{"width":1200,"height":675,"url":"https:\/\/dev.switplus.com\/wp-content\/uploads\/sites\/17\/2025\/06\/yoast.webp","type":"image\/webp"}],"twitter_card":"summary_large_image","twitter_misc":{"Tempo di lettura stimato":"4 minuti"},"schema":{"@context":"https:\/\/schema.org","@graph":[{"@type":"WebPage","@id":"https:\/\/dev.switplus.com\/it\/politica-di-recesso\/","url":"https:\/\/dev.switplus.com\/it\/politica-di-recesso\/","name":"Politica di Recesso SWIT+","isPartOf":{"@id":"https:\/\/dev.switplus.com\/it\/#website"},"datePublished":"2025-05-06T12:09:31+00:00","dateModified":"2025-10-17T07:38:45+00:00","description":"Scopri la politica di recesso SWIT+ e il tuo diritto di recesso entro quattordici giorni senza dover fornire alcuna motivazione.","breadcrumb":{"@id":"https:\/\/dev.switplus.com\/it\/politica-di-recesso\/#breadcrumb"},"inLanguage":"it-IT","potentialAction":[{"@type":"ReadAction","target":["https:\/\/dev.switplus.com\/it\/politica-di-recesso\/"]}]},{"@type":"BreadcrumbList","@id":"https:\/\/dev.switplus.com\/it\/politica-di-recesso\/#breadcrumb","itemListElement":[{"@type":"ListItem","position":1,"name":"Home","item":"https:\/\/dev.switplus.com\/it\/"},{"@type":"ListItem","position":2,"name":"Politica di Recesso"}]},{"@type":"WebSite","@id":"https:\/\/dev.switplus.com\/it\/#website","url":"https:\/\/dev.switplus.com\/it\/","name":"SWIT+ Neurobalance","description":"Nat\u00fcrliche Frequenztechnologie zur Unterst\u00fctzung von Entspannung, Regeneration und Wohlbefinden bei Pferden, Hunden und Menschen.","publisher":{"@id":"https:\/\/dev.switplus.com\/it\/#organization"},"alternateName":"SWIT+ Neurobalance \u2013 Frequenztechnologie f\u00fcr Pferde, Hunde & Menschen","potentialAction":[{"@type":"SearchAction","target":{"@type":"EntryPoint","urlTemplate":"https:\/\/dev.switplus.com\/it\/?s={search_term_string}"},"query-input":{"@type":"PropertyValueSpecification","valueRequired":true,"valueName":"search_term_string"}}],"inLanguage":"it-IT"},{"@type":"Organization","@id":"https:\/\/dev.switplus.com\/it\/#organization","name":"Switplus EU","url":"https:\/\/dev.switplus.com\/it\/","logo":{"@type":"ImageObject","inLanguage":"it-IT","@id":"https:\/\/dev.switplus.com\/it\/#\/schema\/logo\/image\/","url":"https:\/\/dev.switplus.com\/wp-content\/uploads\/sites\/17\/2025\/07\/swit-neurobalance-logo.webp","contentUrl":"https:\/\/dev.switplus.com\/wp-content\/uploads\/sites\/17\/2025\/07\/swit-neurobalance-logo.webp","width":1200,"height":1200,"caption":"Switplus EU"},"image":{"@id":"https:\/\/dev.switplus.com\/it\/#\/schema\/logo\/image\/"},"sameAs":["https:\/\/www.facebook.com\/switneurobalance\/","https:\/\/www.instagram.com\/swit_neurobalance\/","https:\/\/www.youtube.com\/channel\/UCWE_xPyYte02yo9aG-KnM1g"]}]}},"_links":{"self":[{"href":"https:\/\/dev.switplus.com\/it\/wp-json\/wp\/v2\/pages\/79711","targetHints":{"allow":["GET"]}}],"collection":[{"href":"https:\/\/dev.switplus.com\/it\/wp-json\/wp\/v2\/pages"}],"about":[{"href":"https:\/\/dev.switplus.com\/it\/wp-json\/wp\/v2\/types\/page"}],"author":[{"embeddable":true,"href":"https:\/\/dev.switplus.com\/it\/wp-json\/wp\/v2\/users\/1"}],"replies":[{"embeddable":true,"href":"https:\/\/dev.switplus.com\/it\/wp-json\/wp\/v2\/comments?post=79711"}],"version-history":[{"count":1,"href":"https:\/\/dev.switplus.com\/it\/wp-json\/wp\/v2\/pages\/79711\/revisions"}],"predecessor-version":[{"id":79712,"href":"https:\/\/dev.switplus.com\/it\/wp-json\/wp\/v2\/pages\/79711\/revisions\/79712"}],"wp:attachment":[{"href":"https:\/\/dev.switplus.com\/it\/wp-json\/wp\/v2\/media?parent=79711"}],"curies":[{"name":"wp","href":"https:\/\/api.w.org\/{rel}","templated":true}]}}