{"id":79716,"date":"2020-11-16T16:35:20","date_gmt":"2020-11-16T15:35:20","guid":{"rendered":"https:\/\/dev.switplus.com\/impronta\/"},"modified":"2025-11-06T17:02:39","modified_gmt":"2025-11-06T16:02:39","slug":"impronta","status":"publish","type":"page","link":"https:\/\/dev.switplus.com\/it\/impronta\/","title":{"rendered":"Impronta"},"content":{"rendered":"\t\t<div data-elementor-type=\"wp-page\" data-elementor-id=\"79716\" class=\"elementor elementor-79716 elementor-7005\" data-elementor-post-type=\"page\">\n\t\t\t\t<div class=\"elementor-element elementor-element-d76f42a e-flex e-con-boxed e-con e-parent\" data-id=\"d76f42a\" data-element_type=\"container\" data-e-type=\"container\">\n\t\t\t\t\t<div class=\"e-con-inner\">\n\t\t\t\t<div class=\"elementor-element elementor-element-21100e0 elementor-widget elementor-widget-heading\" data-id=\"21100e0\" data-element_type=\"widget\" data-e-type=\"widget\" data-widget_type=\"heading.default\">\n\t\t\t\t<div class=\"elementor-widget-container\">\n\t\t\t\t\t<h1 class=\"elementor-heading-title elementor-size-default\">Impronta<\/h1>\t\t\t\t<\/div>\n\t\t\t\t<\/div>\n\t\t\t\t\t<\/div>\n\t\t\t\t<\/div>\n\t\t<div class=\"elementor-element elementor-element-1465d965 e-flex e-con-boxed e-con e-parent\" data-id=\"1465d965\" data-element_type=\"container\" data-e-type=\"container\">\n\t\t\t\t\t<div class=\"e-con-inner\">\n\t\t\t\t<div class=\"elementor-element elementor-element-7600a7a2 elementor-widget elementor-widget-text-editor\" data-id=\"7600a7a2\" data-element_type=\"widget\" data-e-type=\"widget\" data-widget_type=\"text-editor.default\">\n\t\t\t\t<div class=\"elementor-widget-container\">\n\t\t\t\t\t\t\t\t\t<p>Swit UG (limited liability)<br>Kufsteiner Stra\u00dfe 69<br>83026 Rosenheim<br>Germia<\/p>\n<p><strong>Registro delle imprese<\/strong>: HRB 24130<br><strong>Tribunale di registrazione:<\/strong> AG Traunstein<\/p>\n<p><strong>Rappresentata da:<\/strong><\/p>\n<p>Uwe E. Br\u00f6der<\/p>\n<p><strong>Contatti:<\/strong><\/p>\n<p><strong>Telefono:<\/strong> +49(0)8035 963 95 60<br><strong>E-mail:<\/strong> info@switplus.com<\/p>\n<p><strong>Indirizzo postale:<\/strong><\/p>\n<p>Am Birbet 5<br>83115 Neubeuern<br>Germania<\/p>\n<p><strong>Partita IVA:<\/strong><\/p>\n<p>Numero di identificazione IVA ai sensi del \u00a7 27a della Legge tedesca sull\u2019imposta sulle vendite:<br>DE298617735 <\/p>\n<p><strong>Numero di registrazione RAEE (WEEE-Reg.-No.):<\/strong><\/p>\n<p>DE23444904<\/p>\n<p data-start=\"0\" data-end=\"372\"><strong>Obblighi informativi ai sensi dell\u2019articolo 18 (4) frase 3 della Legge tedesca sugli apparecchi elettrici ed elettronici (ElektroG):<\/strong><br data-start=\"131\" data-end=\"134\"><a class=\"\" href=\"https:\/\/www.bmuv.de\/themen\/wasser-ressourcen-abfall\/kreislaufwirtschaft\/statistiken\/elektro-und-elektronikaltgeraete\" target=\"_new\" rel=\"noopener\" data-start=\"134\" data-end=\"370\">https:\/\/www.bmuv.de\/themen\/wasser-ressourcen-abfall\/kreislaufwirtschaft\/statistiken\/elektro-und-elektronikaltgeraete<\/a><\/p>\n<p data-start=\"374\" data-end=\"552\"><strong>Autorit\u00e0 di vigilanza competente per la fornitura di servizi di media audiovisivi:<\/strong><\/p>\n<p data-start=\"374\" data-end=\"552\">Bayerische Landeszentrale f\u00fcr neue Medien (BLM), Heinrich-L\u00fcbke-Stra\u00dfe 27, 81737 Munich, Germania<\/p>\n<p><strong>Responsabile dei contenuti redazionali:<\/strong><\/p>\n<p>Uwe E. Br\u00f6der, Kufsteiner Stra\u00dfe 69, 83026 Rosenheim<\/p>\n<p><br><\/p>\n<p><strong>Procedura di risoluzione delle controversie davanti a un collegio arbitrale per i consumatori:<\/strong><\/p>\n<p>Non siamo disposti n\u00e9 obbligati a partecipare a procedure di risoluzione delle controversie davanti a un collegio arbitrale per i consumatori.<\/p>\n<p><strong>Diritto d\u2019autore:<\/strong><\/p>\n<p class=\"\" data-start=\"21\" data-end=\"379\">I contenuti e le opere create dagli operatori di queste pagine sono soggetti alla legge tedesca sul diritto d\u2019autore.<br>La riproduzione, l\u2019elaborazione, la distribuzione e qualsiasi tipo di utilizzo al di fuori dei limiti stabiliti dalla legge sul diritto d\u2019autore richiedono il consenso scritto preventivo dell\u2019autore o del creatore.<br>Il download e la copia di questo sito sono consentiti solo per uso privato e non commerciale.  <\/p>\n<p class=\"\" data-start=\"381\" data-end=\"727\">Nella misura in cui i contenuti di questo sito non siano stati creati dall\u2019operatore, vengono rispettati i diritti d\u2019autore di terzi. In particolare, tali contenuti sono contrassegnati come tali.<br>Se tuttavia dovessi venire a conoscenza di una violazione del diritto d\u2019autore, ti preghiamo di informarci.<br>Non appena verremo a conoscenza di eventuali violazioni legali, provvederemo alla rimozione immediata di tali contenuti.   <\/p>\t\t\t\t\t\t\t\t<\/div>\n\t\t\t\t<\/div>\n\t\t\t\t<div class=\"elementor-element elementor-element-1a7faef elementor-widget elementor-widget-heading\" data-id=\"1a7faef\" data-element_type=\"widget\" data-e-type=\"widget\" data-widget_type=\"heading.default\">\n\t\t\t\t<div class=\"elementor-widget-container\">\n\t\t\t\t\t<h2 class=\"elementor-heading-title elementor-size-default\">Impronta in tedesco<\/h2>\t\t\t\t<\/div>\n\t\t\t\t<\/div>\n\t\t\t\t<div class=\"elementor-element elementor-element-df80bce elementor-widget elementor-widget-shortcode\" data-id=\"df80bce\" data-element_type=\"widget\" data-e-type=\"widget\" data-widget_type=\"shortcode.default\">\n\t\t\t\t<div class=\"elementor-widget-container\">\n\t\t\t\t\t\t\t<div class=\"elementor-shortcode\"><div  class=\"agb_content agb_imprint  notranslate\"><div>Swit UG (haftungsbeschr&auml;nkt)<br \/>\nKufsteiner Stra&szlig;e 69<br \/>\n83026 Rosenheim<br \/>\nDeutschland<br \/>\n<br \/>\nTel.: +49(0)8035 963 95 60<br \/>\nE-Mail: info@switplus.com<br \/>\n<br \/>\nRegistergericht: AG Traunstein<br \/>\nRegisternummer: HRB 24130<br \/>\n<br \/>\nGesch&auml;ftsf&uuml;hrer: Uwe E. Br&ouml;der<br \/>\n<br \/>\nUmsatzsteuer-Identifikationsnummer: DE298617735<br \/>\n<br \/>\nWEEE-Reg.-Nr. DE23444904<br \/>\n<br \/>\nInformationspflichten gem&auml;&szlig; &sect;18 Abs. 4 Satz 3 ElektroG:<br \/>\n<a target=\"_blank\" href=\"https:\/\/www.bmuv.de\/themen\/wasser-ressourcen-abfall\/kreislaufwirtschaft\/statistiken\/elektro-und-elektronikaltgeraete\">https:\/\/www.bmuv.de\/themen\/wasser-ressourcen-abfall\/kreislaufwirtschaft\/statistiken\/elektro-und-elektronikaltgeraete<\/a><br \/>\n<br \/>\nVerantwortliche\/r i.S.d. &sect; 18 Abs. 2 MStV:<br \/>\nUwe E. Br&ouml;der, Kufsteiner Stra&szlig;e 69, 83026 Rosenheim<br \/>\n<br \/>\nZust&auml;ndige Aufsichtsbeh&ouml;rde f&uuml;r das Angebot audiovisueller Mediendienste:<br \/>\nBayerische Landeszentrale f&uuml;r neue Medien (BLM), Heinrich-L&uuml;bke-Stra&szlig;e 27, 81737 M&uuml;nchen, Deutschland<br \/>\n<br \/>\nWir sind zur Teilnahme an einem Streitbeilegungsverfahren vor einer Verbraucherschlichtungsstelle weder verpflichtet noch bereit.<br \/>\n<br \/>\nUrheberrecht:<br \/>\n<br \/>\nDie von den Betreibern dieser Seiten erstellten Inhalte und Werke unterliegen dem deutschen Urheberrecht. Vervielf&auml;ltigung, Bearbeitung, Verbreitung und jede Art der Verwertung au&szlig;erhalb der Grenzen des Urheberrechts bed&uuml;rfen der schriftlichen Zustimmung des jeweiligen Autors oder Erstellers. Downloads und Kopien dieser Seite sind nur f&uuml;r den privaten, nicht kommerziellen Gebrauch gestattet.<br \/>\n<br \/>\nSoweit Inhalte auf dieser Seite nicht vom Betreiber erstellt wurden, werden die Urheberrechte Dritter beachtet. Insbesondere sind Inhalte Dritter als solche gekennzeichnet. Sollten Sie dennoch auf eine Urheberrechtsverletzung aufmerksam werden, informieren Sie uns bitte entsprechend. Nach Kenntniserlangung werden wir derartige Inhalte unverz&uuml;glich entfernen.<\/div><div id=\"itkanzlei_txt_copyright\" style=\"font-size: 12px; margin-top: 8em;\"><div style=\"display: inline-block; vertical-align: top; margin-left: 5px; float: right; white-space: nowrap;\">Stand: 06.11.2025, 17:02:37 Uhr<\/div><div style=\"clear: right;\"><\/div><\/div><\/div><\/div>\n\t\t\t\t\t\t<\/div>\n\t\t\t\t<\/div>\n\t\t\t\t\t<\/div>\n\t\t\t\t<\/div>\n\t\t\t\t<\/div>\n\t\t","protected":false},"excerpt":{"rendered":"<p>Impronta Swit UG (limited liability)Kufsteiner Stra\u00dfe 6983026 RosenheimGermia Registro delle imprese: HRB 24130Tribunale di registrazione: AG Traunstein Rappresentata da: Uwe E. Br\u00f6der Contatti: Telefono: +49(0)8035 963 95 60E-mail: info@switplus.com Indirizzo postale: Am Birbet 583115 NeubeuernGermania Partita IVA: Numero di identificazione IVA ai sensi del \u00a7 27a della Legge tedesca sull\u2019imposta sulle vendite:DE298617735 Numero di registrazione [&hellip;]<\/p>\n","protected":false},"author":1,"featured_media":0,"parent":0,"menu_order":0,"comment_status":"closed","ping_status":"closed","template":"","meta":{"_acf_changed":false,"content-type":"","inline_featured_image":false,"footnotes":""},"class_list":["post-79716","page","type-page","status-publish","hentry"],"acf":[],"yoast_head":"<!-- This site is optimized with the Yoast SEO Premium plugin v26.8 (Yoast SEO v27.4) - https:\/\/yoast.com\/product\/yoast-seo-premium-wordpress\/ -->\n<title>Impronta - Dev Site<\/title>\n<meta name=\"robots\" content=\"noindex, follow\" \/>\n<meta property=\"og:locale\" content=\"it_IT\" \/>\n<meta property=\"og:type\" content=\"article\" \/>\n<meta property=\"og:title\" content=\"Impronta\" \/>\n<meta property=\"og:description\" content=\"Impronta Swit UG (limited liability)Kufsteiner Stra\u00dfe 6983026 RosenheimGermia Registro delle imprese: HRB 24130Tribunale di registrazione: AG Traunstein Rappresentata da: Uwe E. Br\u00f6der Contatti: Telefono: +49(0)8035 963 95 60E-mail: info@switplus.com Indirizzo postale: Am Birbet 583115 NeubeuernGermania Partita IVA: Numero di identificazione IVA ai sensi del \u00a7 27a della Legge tedesca sull\u2019imposta sulle vendite:DE298617735 Numero di registrazione [&hellip;]\" \/>\n<meta property=\"og:url\" content=\"https:\/\/dev.switplus.com\/it\/impronta\/\" \/>\n<meta property=\"og:site_name\" content=\"Dev Site\" \/>\n<meta property=\"article:publisher\" content=\"https:\/\/www.facebook.com\/switneurobalance\/\" \/>\n<meta property=\"article:modified_time\" content=\"2025-11-06T16:02:39+00:00\" \/>\n<meta property=\"og:image\" content=\"https:\/\/dev.switplus.com\/wp-content\/uploads\/sites\/17\/2025\/06\/yoast.webp\" \/>\n\t<meta property=\"og:image:width\" content=\"1200\" \/>\n\t<meta property=\"og:image:height\" content=\"675\" \/>\n\t<meta property=\"og:image:type\" content=\"image\/webp\" \/>\n<meta name=\"twitter:card\" content=\"summary_large_image\" \/>\n<meta name=\"twitter:label1\" content=\"Tempo di lettura stimato\" \/>\n\t<meta name=\"twitter:data1\" content=\"2 minuti\" \/>\n<script type=\"application\/ld+json\" class=\"yoast-schema-graph\">{\"@context\":\"https:\\\/\\\/schema.org\",\"@graph\":[{\"@type\":\"WebPage\",\"@id\":\"https:\\\/\\\/dev.switplus.com\\\/it\\\/impronta\\\/\",\"url\":\"https:\\\/\\\/dev.switplus.com\\\/it\\\/impronta\\\/\",\"name\":\"Impronta - Dev Site\",\"isPartOf\":{\"@id\":\"https:\\\/\\\/dev.switplus.com\\\/it\\\/#website\"},\"datePublished\":\"2020-11-16T15:35:20+00:00\",\"dateModified\":\"2025-11-06T16:02:39+00:00\",\"breadcrumb\":{\"@id\":\"https:\\\/\\\/dev.switplus.com\\\/it\\\/impronta\\\/#breadcrumb\"},\"inLanguage\":\"it-IT\",\"potentialAction\":[{\"@type\":\"ReadAction\",\"target\":[\"https:\\\/\\\/dev.switplus.com\\\/it\\\/impronta\\\/\"]}]},{\"@type\":\"BreadcrumbList\",\"@id\":\"https:\\\/\\\/dev.switplus.com\\\/it\\\/impronta\\\/#breadcrumb\",\"itemListElement\":[{\"@type\":\"ListItem\",\"position\":1,\"name\":\"Home\",\"item\":\"https:\\\/\\\/dev.switplus.com\\\/it\\\/\"},{\"@type\":\"ListItem\",\"position\":2,\"name\":\"Impronta\"}]},{\"@type\":\"WebSite\",\"@id\":\"https:\\\/\\\/dev.switplus.com\\\/it\\\/#website\",\"url\":\"https:\\\/\\\/dev.switplus.com\\\/it\\\/\",\"name\":\"SWIT+ Neurobalance\",\"description\":\"Nat\u00fcrliche Frequenztechnologie zur Unterst\u00fctzung von Entspannung, Regeneration und Wohlbefinden bei Pferden, Hunden und Menschen.\",\"publisher\":{\"@id\":\"https:\\\/\\\/dev.switplus.com\\\/it\\\/#organization\"},\"alternateName\":\"SWIT+ Neurobalance \u2013 Frequenztechnologie f\u00fcr Pferde, Hunde & Menschen\",\"potentialAction\":[{\"@type\":\"SearchAction\",\"target\":{\"@type\":\"EntryPoint\",\"urlTemplate\":\"https:\\\/\\\/dev.switplus.com\\\/it\\\/?s={search_term_string}\"},\"query-input\":{\"@type\":\"PropertyValueSpecification\",\"valueRequired\":true,\"valueName\":\"search_term_string\"}}],\"inLanguage\":\"it-IT\"},{\"@type\":\"Organization\",\"@id\":\"https:\\\/\\\/dev.switplus.com\\\/it\\\/#organization\",\"name\":\"Switplus EU\",\"url\":\"https:\\\/\\\/dev.switplus.com\\\/it\\\/\",\"logo\":{\"@type\":\"ImageObject\",\"inLanguage\":\"it-IT\",\"@id\":\"https:\\\/\\\/dev.switplus.com\\\/it\\\/#\\\/schema\\\/logo\\\/image\\\/\",\"url\":\"https:\\\/\\\/dev.switplus.com\\\/wp-content\\\/uploads\\\/sites\\\/17\\\/2025\\\/07\\\/swit-neurobalance-logo.webp\",\"contentUrl\":\"https:\\\/\\\/dev.switplus.com\\\/wp-content\\\/uploads\\\/sites\\\/17\\\/2025\\\/07\\\/swit-neurobalance-logo.webp\",\"width\":1200,\"height\":1200,\"caption\":\"Switplus EU\"},\"image\":{\"@id\":\"https:\\\/\\\/dev.switplus.com\\\/it\\\/#\\\/schema\\\/logo\\\/image\\\/\"},\"sameAs\":[\"https:\\\/\\\/www.facebook.com\\\/switneurobalance\\\/\",\"https:\\\/\\\/www.instagram.com\\\/swit_neurobalance\\\/\",\"https:\\\/\\\/www.youtube.com\\\/channel\\\/UCWE_xPyYte02yo9aG-KnM1g\"]}]}<\/script>\n<!-- \/ Yoast SEO Premium plugin. -->","yoast_head_json":{"title":"Impronta - Dev Site","robots":{"index":"noindex","follow":"follow"},"og_locale":"it_IT","og_type":"article","og_title":"Impronta","og_description":"Impronta Swit UG (limited liability)Kufsteiner Stra\u00dfe 6983026 RosenheimGermia Registro delle imprese: HRB 24130Tribunale di registrazione: AG Traunstein Rappresentata da: Uwe E. Br\u00f6der Contatti: Telefono: +49(0)8035 963 95 60E-mail: info@switplus.com Indirizzo postale: Am Birbet 583115 NeubeuernGermania Partita IVA: Numero di identificazione IVA ai sensi del \u00a7 27a della Legge tedesca sull\u2019imposta sulle vendite:DE298617735 Numero di registrazione [&hellip;]","og_url":"https:\/\/dev.switplus.com\/it\/impronta\/","og_site_name":"Dev Site","article_publisher":"https:\/\/www.facebook.com\/switneurobalance\/","article_modified_time":"2025-11-06T16:02:39+00:00","og_image":[{"width":1200,"height":675,"url":"https:\/\/dev.switplus.com\/wp-content\/uploads\/sites\/17\/2025\/06\/yoast.webp","type":"image\/webp"}],"twitter_card":"summary_large_image","twitter_misc":{"Tempo di lettura stimato":"2 minuti"},"schema":{"@context":"https:\/\/schema.org","@graph":[{"@type":"WebPage","@id":"https:\/\/dev.switplus.com\/it\/impronta\/","url":"https:\/\/dev.switplus.com\/it\/impronta\/","name":"Impronta - Dev Site","isPartOf":{"@id":"https:\/\/dev.switplus.com\/it\/#website"},"datePublished":"2020-11-16T15:35:20+00:00","dateModified":"2025-11-06T16:02:39+00:00","breadcrumb":{"@id":"https:\/\/dev.switplus.com\/it\/impronta\/#breadcrumb"},"inLanguage":"it-IT","potentialAction":[{"@type":"ReadAction","target":["https:\/\/dev.switplus.com\/it\/impronta\/"]}]},{"@type":"BreadcrumbList","@id":"https:\/\/dev.switplus.com\/it\/impronta\/#breadcrumb","itemListElement":[{"@type":"ListItem","position":1,"name":"Home","item":"https:\/\/dev.switplus.com\/it\/"},{"@type":"ListItem","position":2,"name":"Impronta"}]},{"@type":"WebSite","@id":"https:\/\/dev.switplus.com\/it\/#website","url":"https:\/\/dev.switplus.com\/it\/","name":"SWIT+ Neurobalance","description":"Nat\u00fcrliche Frequenztechnologie zur Unterst\u00fctzung von Entspannung, Regeneration und Wohlbefinden bei Pferden, Hunden und Menschen.","publisher":{"@id":"https:\/\/dev.switplus.com\/it\/#organization"},"alternateName":"SWIT+ Neurobalance \u2013 Frequenztechnologie f\u00fcr Pferde, Hunde & Menschen","potentialAction":[{"@type":"SearchAction","target":{"@type":"EntryPoint","urlTemplate":"https:\/\/dev.switplus.com\/it\/?s={search_term_string}"},"query-input":{"@type":"PropertyValueSpecification","valueRequired":true,"valueName":"search_term_string"}}],"inLanguage":"it-IT"},{"@type":"Organization","@id":"https:\/\/dev.switplus.com\/it\/#organization","name":"Switplus EU","url":"https:\/\/dev.switplus.com\/it\/","logo":{"@type":"ImageObject","inLanguage":"it-IT","@id":"https:\/\/dev.switplus.com\/it\/#\/schema\/logo\/image\/","url":"https:\/\/dev.switplus.com\/wp-content\/uploads\/sites\/17\/2025\/07\/swit-neurobalance-logo.webp","contentUrl":"https:\/\/dev.switplus.com\/wp-content\/uploads\/sites\/17\/2025\/07\/swit-neurobalance-logo.webp","width":1200,"height":1200,"caption":"Switplus EU"},"image":{"@id":"https:\/\/dev.switplus.com\/it\/#\/schema\/logo\/image\/"},"sameAs":["https:\/\/www.facebook.com\/switneurobalance\/","https:\/\/www.instagram.com\/swit_neurobalance\/","https:\/\/www.youtube.com\/channel\/UCWE_xPyYte02yo9aG-KnM1g"]}]}},"_links":{"self":[{"href":"https:\/\/dev.switplus.com\/it\/wp-json\/wp\/v2\/pages\/79716","targetHints":{"allow":["GET"]}}],"collection":[{"href":"https:\/\/dev.switplus.com\/it\/wp-json\/wp\/v2\/pages"}],"about":[{"href":"https:\/\/dev.switplus.com\/it\/wp-json\/wp\/v2\/types\/page"}],"author":[{"embeddable":true,"href":"https:\/\/dev.switplus.com\/it\/wp-json\/wp\/v2\/users\/1"}],"replies":[{"embeddable":true,"href":"https:\/\/dev.switplus.com\/it\/wp-json\/wp\/v2\/comments?post=79716"}],"version-history":[{"count":4,"href":"https:\/\/dev.switplus.com\/it\/wp-json\/wp\/v2\/pages\/79716\/revisions"}],"predecessor-version":[{"id":79735,"href":"https:\/\/dev.switplus.com\/it\/wp-json\/wp\/v2\/pages\/79716\/revisions\/79735"}],"wp:attachment":[{"href":"https:\/\/dev.switplus.com\/it\/wp-json\/wp\/v2\/media?parent=79716"}],"curies":[{"name":"wp","href":"https:\/\/api.w.org\/{rel}","templated":true}]}}